{"id":1160,"date":"2022-06-15T07:41:58","date_gmt":"2022-06-15T10:41:58","guid":{"rendered":"https:\/\/nicktesting.kinsta.cloud\/shopdiko1\/?page_id=1160"},"modified":"2026-01-29T12:08:34","modified_gmt":"2026-01-29T15:08:34","slug":"contact","status":"publish","type":"page","link":"https:\/\/farmaciamontenegro.com.br\/?page_id=1160","title":{"rendered":"Contact"},"content":{"rendered":"\t\t<div data-elementor-type=\"wp-page\" data-elementor-id=\"1160\" class=\"elementor elementor-1160\">\n\t\t\t\t\t\t<section class=\"elementor-section elementor-top-section elementor-element elementor-element-90e493b elementor-section-boxed elementor-section-height-default elementor-section-height-default wpr-particle-no wpr-jarallax-no wpr-parallax-no wpr-sticky-section-no\" data-id=\"90e493b\" data-element_type=\"section\">\n\t\t\t\t\t\t<div class=\"elementor-container elementor-column-gap-default\">\n\t\t\t\t\t<div class=\"elementor-column elementor-col-50 elementor-top-column elementor-element elementor-element-cd8caa1\" data-id=\"cd8caa1\" data-element_type=\"column\">\n\t\t\t<div class=\"elementor-widget-wrap elementor-element-populated\">\n\t\t\t\t\t\t<div class=\"elementor-element elementor-element-565d4d9 elementor-widget elementor-widget-heading\" data-id=\"565d4d9\" data-element_type=\"widget\" data-widget_type=\"heading.default\">\n\t\t\t\t\t<h2 class=\"elementor-heading-title elementor-size-default\">Contato<\/h2>\t\t\t\t<\/div>\n\t\t\t\t<div class=\"elementor-element elementor-element-be3e8e1 elementor-widget__width-initial elementor-widget elementor-widget-text-editor\" data-id=\"be3e8e1\" data-element_type=\"widget\" data-widget_type=\"text-editor.default\">\n\t\t\t\t\t\t\t\t\t<p><strong>Telefone: (11) 4587-8001<\/strong><br \/><br \/><strong>Endere\u00e7o:<\/strong> Rua Jos\u00e9 Rabelo Portela, 245, Vila Maria de F\u00e1tima, 13220540, V\u00e1rzea Paulista &#8211; SP, 13220-540<br \/><br \/><\/p>\t\t\t\t\t\t\t\t<\/div>\n\t\t\t\t\t<\/div>\n\t\t<\/div>\n\t\t\t\t<div class=\"elementor-column elementor-col-50 elementor-top-column elementor-element elementor-element-0888320\" data-id=\"0888320\" data-element_type=\"column\">\n\t\t\t<div class=\"elementor-widget-wrap\">\n\t\t\t\t\t\t\t<\/div>\n\t\t<\/div>\n\t\t\t\t\t<\/div>\n\t\t<\/section>\n\t\t\t\t<\/div>\n\t\t","protected":false},"excerpt":{"rendered":"<p>Contato Telefone: (11) 4587-8001 Endere\u00e7o: Rua Jos\u00e9 Rabelo Portela, 245, Vila Maria de F\u00e1tima, 13220540, V\u00e1rzea Paulista &#8211; SP, 13220-540<\/p>\n","protected":false},"author":1,"featured_media":0,"parent":0,"menu_order":0,"comment_status":"closed","ping_status":"closed","template":"elementor_canvas","meta":{"footnotes":""},"class_list":["post-1160","page","type-page","status-publish","hentry"],"_links":{"self":[{"href":"https:\/\/farmaciamontenegro.com.br\/index.php?rest_route=\/wp\/v2\/pages\/1160","targetHints":{"allow":["GET"]}}],"collection":[{"href":"https:\/\/farmaciamontenegro.com.br\/index.php?rest_route=\/wp\/v2\/pages"}],"about":[{"href":"https:\/\/farmaciamontenegro.com.br\/index.php?rest_route=\/wp\/v2\/types\/page"}],"author":[{"embeddable":true,"href":"https:\/\/farmaciamontenegro.com.br\/index.php?rest_route=\/wp\/v2\/users\/1"}],"replies":[{"embeddable":true,"href":"https:\/\/farmaciamontenegro.com.br\/index.php?rest_route=%2Fwp%2Fv2%2Fcomments&post=1160"}],"version-history":[{"count":3,"href":"https:\/\/farmaciamontenegro.com.br\/index.php?rest_route=\/wp\/v2\/pages\/1160\/revisions"}],"predecessor-version":[{"id":2412,"href":"https:\/\/farmaciamontenegro.com.br\/index.php?rest_route=\/wp\/v2\/pages\/1160\/revisions\/2412"}],"wp:attachment":[{"href":"https:\/\/farmaciamontenegro.com.br\/index.php?rest_route=%2Fwp%2Fv2%2Fmedia&parent=1160"}],"curies":[{"name":"wp","href":"https:\/\/api.w.org\/{rel}","templated":true}]}}